{"id":770,"date":"2020-06-18T01:26:27","date_gmt":"2020-06-18T01:26:27","guid":{"rendered":"http:\/\/www.ibersat.es\/?page_id=770"},"modified":"2021-11-15T13:23:10","modified_gmt":"2021-11-15T13:23:10","slug":"servicios","status":"publish","type":"page","link":"https:\/\/www.ibersat.es\/?page_id=770","title":{"rendered":"SERVICIOS"},"content":{"rendered":"\n<div class=\"wp-block-cover has-background-dim-20 has-background-dim\" style=\"background-image:url(https:\/\/www.ibersat.es\/wp-content\/uploads\/2020\/05\/fondo1280x200green.jpg);min-height:200px\"><div class=\"wp-block-cover__inner-container\">\n<p class=\"has-text-align-center has-large-font-size\">Servicios y \u00c1reas de la Actividad<\/p>\n<\/div><\/div>\n\n\n\n<div style=\"height:50px\" aria-hidden=\"true\" class=\"wp-block-spacer\"><\/div>\n\n\n\n<div class=\"wp-block-media-text alignwide is-stacked-on-mobile has-background has-cyan-bluish-gray-background-color has-background\" style=\"grid-template-columns:24% auto\"><figure class=\"wp-block-media-text__media\"><img loading=\"lazy\" width=\"626\" height=\"417\" src=\"https:\/\/www.ibersat.es\/wp-content\/uploads\/2020\/05\/14844.jpg\" alt=\"\" class=\"wp-image-543 size-full\" srcset=\"https:\/\/www.ibersat.es\/wp-content\/uploads\/2020\/05\/14844.jpg 626w, https:\/\/www.ibersat.es\/wp-content\/uploads\/2020\/05\/14844-300x200.jpg 300w\" sizes=\"(max-width: 626px) 100vw, 626px\" \/><\/figure><div class=\"wp-block-media-text__content\">\n<p class=\"has-text-align-center\" style=\"font-size:18px\"><strong>Mantenimiento IT y Asistencia T\u00e9cnica<\/strong><\/p>\n\n\n\n<p class=\"has-text-align-center\">IBERSAT le ofrece un servicio de\u00a0<strong>Asistencia T\u00e9cnica<\/strong> (mantenimiento inform\u00e1tico) adaptado a sus necesidades y dirigido a todos los\u00a0<strong>sistemas inform\u00e1ticos y de comunicaciones\u00a0<\/strong>de su empresa.<\/p>\n\n\n\n<p class=\"has-text-align-center\"><strong>Queremos que la inform\u00e1tica para usted sea una herramienta que le haga su trabajo m\u00e1s f\u00e1cil y de la que no tenga que preocuparse para nada.<\/strong><\/p>\n<\/div><\/div>\n\n\n\n<div style=\"height:20px\" aria-hidden=\"true\" class=\"wp-block-spacer\"><\/div>\n\n\n\n<div class=\"wp-block-media-text alignwide has-media-on-the-right is-stacked-on-mobile is-vertically-aligned-center has-background has-cyan-bluish-gray-background-color has-background\" style=\"grid-template-columns:auto 27%\"><figure class=\"wp-block-media-text__media\"><img loading=\"lazy\" width=\"626\" height=\"417\" src=\"https:\/\/www.ibersat.es\/wp-content\/uploads\/2020\/05\/194.jpg\" alt=\"\" class=\"wp-image-550 size-full\" srcset=\"https:\/\/www.ibersat.es\/wp-content\/uploads\/2020\/05\/194.jpg 626w, https:\/\/www.ibersat.es\/wp-content\/uploads\/2020\/05\/194-300x200.jpg 300w\" sizes=\"(max-width: 626px) 100vw, 626px\" \/><\/figure><div class=\"wp-block-media-text__content\">\n<p class=\"has-text-align-center\" style=\"font-size:18px\"><strong>Consultor\u00eda<\/strong><\/p>\n\n\n\n<p class=\"has-text-align-center\">IBERSAT le ofrece nuestro servicio de consultor\u00eda y asesoramiento para que su empresa adopte la mejor soluci\u00f3n tecnol\u00f3gica seg\u00fan sus necesidades particulares. Y le ayudamos en todo el proceso de implementar y poner en pr\u00e1ctica dicha soluci\u00f3n, hasta su completa satisfacci\u00f3n.<\/p>\n\n\n\n<p class=\"has-text-align-center\">Adoptando una visi\u00f3n integral acerca de las necesidades de su empresa, con nuestra ayuda podr\u00e1 elegir con confianza la soluci\u00f3n tecnol\u00f3gica que mejor se adapte a sus circunstancias productivas y financieras.<\/p>\n\n\n\n<p class=\"has-text-align-center\">Los conocimientos y experiencia de nuestro equipo de t\u00e9cnicos en su amplia trayectoria implantando y desarrollando las mejores soluciones tecnol\u00f3gicas para todo tipo de actividades empresariales, nos ayudan para ofrecer a nuestros clientes el asesoramiento m\u00e1s eficaz<\/p>\n<\/div><\/div>\n\n\n\n<div style=\"height:20px\" aria-hidden=\"true\" class=\"wp-block-spacer\"><\/div>\n\n\n\n<div class=\"wp-block-media-text alignwide is-stacked-on-mobile has-background has-cyan-bluish-gray-background-color has-background\" style=\"grid-template-columns:24% auto\"><figure class=\"wp-block-media-text__media\"><img loading=\"lazy\" width=\"626\" height=\"417\" src=\"https:\/\/www.ibersat.es\/wp-content\/uploads\/2020\/05\/O6UYOE0.jpg\" alt=\"\" class=\"wp-image-553 size-full\" srcset=\"https:\/\/www.ibersat.es\/wp-content\/uploads\/2020\/05\/O6UYOE0.jpg 626w, https:\/\/www.ibersat.es\/wp-content\/uploads\/2020\/05\/O6UYOE0-300x200.jpg 300w\" sizes=\"(max-width: 626px) 100vw, 626px\" \/><\/figure><div class=\"wp-block-media-text__content\">\n<p class=\"has-text-align-center\" style=\"font-size:18px\"><strong>Outsourcing<\/strong><\/p>\n\n\n\n<p class=\"has-text-align-center\">La mayor\u00eda de Pymes externalizan la gesti\u00f3n de n\u00f3minas y contabilidad, dejando en manos de profesionales estos servicios y consiguiendo adem\u00e1s un ahorro importante de tiempo y costes.<\/p>\n\n\n\n<p class=\"has-text-align-center\">&nbsp;<strong>\u00bfPor qu\u00e9 no aprovechar tambi\u00e9n las ventajas de externalizar los servicios relacionados con la funci\u00f3n inform\u00e1tica?.<\/strong><\/p>\n<\/div><\/div>\n\n\n\n<div style=\"height:20px\" aria-hidden=\"true\" class=\"wp-block-spacer\"><\/div>\n\n\n\n<div class=\"wp-block-media-text alignwide has-media-on-the-right is-stacked-on-mobile is-vertically-aligned-center has-background has-cyan-bluish-gray-background-color has-background\" style=\"grid-template-columns:auto 45%\"><figure class=\"wp-block-media-text__media\"><img loading=\"lazy\" width=\"626\" height=\"417\" src=\"https:\/\/www.ibersat.es\/wp-content\/uploads\/2020\/05\/3004976.jpg\" alt=\"\" class=\"wp-image-555 size-full\" srcset=\"https:\/\/www.ibersat.es\/wp-content\/uploads\/2020\/05\/3004976.jpg 626w, https:\/\/www.ibersat.es\/wp-content\/uploads\/2020\/05\/3004976-300x200.jpg 300w\" sizes=\"(max-width: 626px) 100vw, 626px\" \/><\/figure><div class=\"wp-block-media-text__content\">\n<p class=\"has-text-align-center has-cyan-bluish-gray-background-color has-background\" style=\"font-size:18px\"><strong>Servicios WEB<\/strong><\/p>\n\n\n\n<p class=\"has-text-align-center\">Servicios de hosting (servidores propios).<\/p>\n\n\n\n<p class=\"has-text-align-center\">Alojamiento de p\u00e1ginas web (p\u00e1ginas din\u00e1micas,\u00a0\u00a0p\u00e1ginas est\u00e1ticas, Tiendas online, Bases de Datos).<\/p>\n\n\n\n<p class=\"has-text-align-center\">Gesti\u00f3n y administraci\u00f3n de cuentas de correo electr\u00f3nico.<\/p>\n\n\n\n<p class=\"has-text-align-center\">Gesti\u00f3n&nbsp;de dominios en internet.<\/p>\n\n\n\n<p class=\"has-text-align-center\">Dise\u00f1o y programaci\u00f3n de p\u00e1ginas web.<\/p>\n\n\n\n<p class=\"has-text-align-center\">Promoci\u00f3n publicitaria en internet.<\/p>\n\n\n\n<p class=\"has-text-align-center\">Posicionamiento en buscadores (SEO).<\/p>\n\n\n\n<p class=\"has-text-align-center\">Dise\u00f1o y programaci\u00f3n de visitas virtuales.<\/p>\n<\/div><\/div>\n\n\n\n<div style=\"height:150px\" aria-hidden=\"true\" class=\"wp-block-spacer\"><\/div>\n\n\n\n<p><\/p>\n","protected":false},"excerpt":{"rendered":"<p>&hellip;<\/p>\n","protected":false},"author":1,"featured_media":0,"parent":0,"menu_order":0,"comment_status":"closed","ping_status":"closed","template":"","meta":[],"_links":{"self":[{"href":"https:\/\/www.ibersat.es\/index.php?rest_route=\/wp\/v2\/pages\/770"}],"collection":[{"href":"https:\/\/www.ibersat.es\/index.php?rest_route=\/wp\/v2\/pages"}],"about":[{"href":"https:\/\/www.ibersat.es\/index.php?rest_route=\/wp\/v2\/types\/page"}],"author":[{"embeddable":true,"href":"https:\/\/www.ibersat.es\/index.php?rest_route=\/wp\/v2\/users\/1"}],"replies":[{"embeddable":true,"href":"https:\/\/www.ibersat.es\/index.php?rest_route=%2Fwp%2Fv2%2Fcomments&post=770"}],"version-history":[{"count":27,"href":"https:\/\/www.ibersat.es\/index.php?rest_route=\/wp\/v2\/pages\/770\/revisions"}],"predecessor-version":[{"id":870,"href":"https:\/\/www.ibersat.es\/index.php?rest_route=\/wp\/v2\/pages\/770\/revisions\/870"}],"wp:attachment":[{"href":"https:\/\/www.ibersat.es\/index.php?rest_route=%2Fwp%2Fv2%2Fmedia&parent=770"}],"curies":[{"name":"wp","href":"https:\/\/api.w.org\/{rel}","templated":true}]}}